{"id":1323,"date":"2019-04-12T13:57:11","date_gmt":"2019-04-12T11:57:11","guid":{"rendered":"http:\/\/www.acp-euskirchen.de\/?page_id=1323"},"modified":"2019-04-12T13:57:11","modified_gmt":"2019-04-12T11:57:11","slug":"agb","status":"publish","type":"page","link":"https:\/\/www.acp-euskirchen.de\/?page_id=1323","title":{"rendered":"AGB"},"content":{"rendered":"<h4>1. Versand<\/h4>\n<p>Der Artikelversand erfolgt unfrei und\u00a0 wenn nicht anders gew\u00fcnscht . Die Kosten und das Versandrisiko sind vom K\u00e4ufer zu tragen, auch bei Nachsendungen und Teillieferungen. Transportsch\u00e4den sind unverz\u00fcglich beim Frachtf\u00fchrer zu reklamieren.<\/p>\n<p>&nbsp;<\/p>\n<h4>2. Lieferung<\/h4>\n<p>Ma\u00dfgebend f\u00fcr unsere Leistungsverpflichtung ist die Rechnung.\u00a0\u00a0 Wir liefern US-Teile ohne T\u00dcV-Gutachten bzw. ABE, daher ist jede Haftung, auch f\u00fcr Folgekosten oder -sch\u00e4den, aus der Nichtbeachtung deutscher oder europ\u00e4ischer gesetzlicher Vorschriften ausgeschlossen. Bei Sonderbeschaffungen und vor allem Luftfrachtbestellungen in den USA k\u00f6nnen l\u00e4ngere Lieferfristen auftreten und bei mehrteiligen Bestellungen kann es zu Teillieferungen kommen. Terminzusagen sind stets unverbindlich und ohne Gew\u00e4hr. Es kann zu Preis\u00e4nderungen durch Dollarkursschwankungen kommen . Nichtverf\u00fcgbarkeit der bestellten Ware bei unseren Vorlieferanten berechtigt uns zum R\u00fccktritt vom Vertrag. Jegliche Schadensersatzanspr\u00fcche wegen Nicht oder Teillieferung sind ausgeschlossen.<\/p>\n<p>&nbsp;<\/p>\n<h4>3. Zahlung<\/h4>\n<p>In der Regel stellen wir Rechnung zur Bezahlung per Nachnahme oder Vorkasse.\u00a0 Die Bezahlung mu\u00df rein Netto ohne jeden Abzug erfolgen. Bei offener Belieferung sind die bilateral vereinbarten Fristen einzuhalten. Kommt es zu einer Frist\u00fcberschreitung, erheben wir Mahn- und Bearbeitungsgeb\u00fchren sowie Verzugszinsen zu markt\u00fcblichen Kontokorrent-bedingungen. Die Aufrechnung oder Zur\u00fcckbehaltung von nicht rechtskr\u00e4ftigen Forderungen aus fr\u00fcheren Rechts-gesch\u00e4ften wird ausgeschlossen. S\u00e4mtliche gelieferte Waren bleiben stets bis zur endg\u00fcltigen Bezahlung unser Eigentum. Wir behalten uns vor, bei Luftfracht- oder Sonderbeschaffung eine Vorauskasse zu erheben.<\/p>\n<p>&nbsp;<\/p>\n<h4>4. Umtausch<\/h4>\n<p>F\u00fcr eigens per Luftfracht oder Sonderbeschaffung bestellte und gelieferte Artikel besteht eine generelle Abnahmepflicht des Kunden. Diese Ware sowie Elektroteile sind von Umtausch bzw. R\u00fcckgabe grunds\u00e4tzlich ausgeschlossen, es sei denn, auf der Rechnung ist etwas anderes vermerkt. Der Tausch von Lager- und Zubeh\u00f6rware erfolgt nur nach vorhergehender Absprache auf Kulanzbasis im Einzelfall und leitet keine weitergehenden Anspr\u00fcche ab. Die R\u00fccknahme oder der Umtausch der Ware erfolgt immer gegen Gutschrift zur Verrechnung bei k\u00fcnftigen Lieferungen, nie zur baren\/bargeldlosen Auszahlung. Dabei erheben wir bei einer R\u00fccknahme 15% Bearbeitungs- und Einlagerungs-kosten vom Warenwert. Eine Tauschabsichtserkl\u00e4rung und die Ware mu\u00df uns innerhalb von 14 Tagen nach Waren-\u00fcbernahme zugehen, ansonsten ist der Umtausch ausgeschlossen.<\/p>\n<p>&nbsp;<\/p>\n<h4>5. Gew\u00e4hrleistung<\/h4>\n<p>Wir gew\u00e4hren auf unsere Lager- und Zubeh\u00f6rartikel eine Gew\u00e4hrleistung von 6 Monaten ab \u00dcbergabe der Ware. Wir haften f\u00fcr berechtigte Reklamationen unter Hinzuziehung der Haftungsbedingungen des Herstellers aus-schlie\u00dflich auf unsere Ware, jedoch nicht f\u00fcr Ein- und Ausbaukosten sowie andere Folgesch\u00e4den. Alle Holley-, Edelbrock, High Performance und Tuningparts, \u00fcberholte Motoren und Getriebe sowie gebrauchte Teile werden unter Ausschlu\u00df jeglicher Gew\u00e4hrleistung verkauft. Der Austausch eines Modules innerhalb eines umgebenden Artikels verl\u00e4ngert nicht die Garantiezeit des umgebenden Teils. Sch\u00e4den aus unqualifiziertem Einbau, Nichtbe-achtung der (i.d.R. englischen) Bedienungsanleitung oder unsachgem\u00e4\u00dfer Nutzung fallen nicht unter die Gew\u00e4hrleistung.<br \/>\nF\u00fcr Motoren und Getriebe leisten wir entsprechend den Gew\u00e4hrleistungsbestimmungen der Hersteller nur dann Gew\u00e4hr, wenn schriftlich nachgewiesen wird, da\u00df der Einbau und die durch den Hersteller vorgeschriebenen Wartungsintervalle bei einer Vertragswerkstatt erfolgt sind, au\u00dferdem die vom Hersteller empfohlenen Ersatzteile, Gleit- und Schmierstoffe verwendet wurden. Die Gew\u00e4hrleistung erstreckt sich bis zu einem Zeitraum von sechs Monaten. Ein- und Ausbaukosten sowie Folgekosten anderer Art sind von der Gew\u00e4hrleistung ausgeschlossen. Durch die Verwendung von Tuning- oder anderer &#8222;Nicht&#8220; &#8211; Originalteile sowie der Herbeif\u00fchrung bauartlicher Ver\u00e4nderungen erlischt die Gew\u00e4hrleistung.<br \/>\nReklamationen k\u00f6nnen nur bearbeitet werden, wenn die Ware kostenfrei und originalverpackt an uns zur\u00fcckgesandt wird, eine Kopie der Rechnung beiliegt und eine hinreichende schriftliche Beschreibung des Mangels mitgeschickt wird. Wir behalten uns die Nachbesserung eines defekten Teils gegen\u00fcber der Ersatzlieferung vor. Die Abtretung von Anspr\u00fcchen oder Rechten an Dritte ist ausgeschlossen.<\/p>\n<p>&nbsp;<\/p>\n<h4>6. Schlu\u00dfbestimmungen<\/h4>\n<p>Erf\u00fcllungsort und Gerichtsstand ist f\u00fcr beide Seiten Euskirchen. Bei Erteilung eines Auftrages gelten unsere AGB komplett und ohne Vorbehalte als vereinbart, ansonsten ist stets deutsches Recht Vertragsgrundlage. Die Teil-nichtigkeit einzelner Punkte vorstehender Gesch\u00e4ftsbedingungen ber\u00fchrt niemals die G\u00fcltigkeit der \u00fcbrigen Gesch\u00e4ftsbedingungen. Anstelle der unwirksamen Klausel soll eine der unwirksamen Klausel am n\u00e4chsten kommende wirksame Klausel treten. Alle Abweichungen von diesen vorstehenden Gesch\u00e4ftsbedingungen bed\u00fcrfen der schriftlichen Vereinbarung.<\/p>\n","protected":false},"excerpt":{"rendered":"<p>1. Versand Der Artikelversand erfolgt unfrei und\u00a0 wenn nicht anders gew\u00fcnscht . Die Kosten und das Versandrisiko sind vom K\u00e4ufer zu tragen, auch bei Nachsendungen und Teillieferungen. Transportsch\u00e4den sind unverz\u00fcglich beim Frachtf\u00fchrer zu reklamieren. &nbsp; 2. Lieferung Ma\u00dfgebend f\u00fcr unsere Leistungsverpflichtung ist die Rechnung.\u00a0\u00a0 Wir liefern US-Teile ohne T\u00dcV-Gutachten bzw. ABE, daher ist jede Haftung, &hellip; <\/p>\n<p><a class=\"more-link btn\" href=\"https:\/\/www.acp-euskirchen.de\/?page_id=1323\">Weiterlesen<\/a><\/p>\n","protected":false},"author":3,"featured_media":0,"parent":0,"menu_order":0,"comment_status":"open","ping_status":"open","template":"","meta":{"ngg_post_thumbnail":0,"footnotes":""},"class_list":["post-1323","page","type-page","status-publish","hentry","nodate","item-wrap"],"_links":{"self":[{"href":"https:\/\/www.acp-euskirchen.de\/index.php?rest_route=\/wp\/v2\/pages\/1323","targetHints":{"allow":["GET"]}}],"collection":[{"href":"https:\/\/www.acp-euskirchen.de\/index.php?rest_route=\/wp\/v2\/pages"}],"about":[{"href":"https:\/\/www.acp-euskirchen.de\/index.php?rest_route=\/wp\/v2\/types\/page"}],"author":[{"embeddable":true,"href":"https:\/\/www.acp-euskirchen.de\/index.php?rest_route=\/wp\/v2\/users\/3"}],"replies":[{"embeddable":true,"href":"https:\/\/www.acp-euskirchen.de\/index.php?rest_route=%2Fwp%2Fv2%2Fcomments&post=1323"}],"version-history":[{"count":2,"href":"https:\/\/www.acp-euskirchen.de\/index.php?rest_route=\/wp\/v2\/pages\/1323\/revisions"}],"predecessor-version":[{"id":1325,"href":"https:\/\/www.acp-euskirchen.de\/index.php?rest_route=\/wp\/v2\/pages\/1323\/revisions\/1325"}],"wp:attachment":[{"href":"https:\/\/www.acp-euskirchen.de\/index.php?rest_route=%2Fwp%2Fv2%2Fmedia&parent=1323"}],"curies":[{"name":"wp","href":"https:\/\/api.w.org\/{rel}","templated":true}]}}