{"id":472,"date":"2012-09-26T13:40:04","date_gmt":"2012-09-26T11:40:04","guid":{"rendered":"http:\/\/acp.dg6eu.de\/?page_id=472"},"modified":"2017-09-22T21:35:36","modified_gmt":"2017-09-22T19:35:36","slug":"angebote","status":"publish","type":"page","link":"https:\/\/www.acp-euskirchen.de\/?page_id=472","title":{"rendered":"Angebote"},"content":{"rendered":"<p>N.O.S Zubeh\u00f6r<\/p>\n<p>&nbsp;<\/p>\n<p><a href=\"https:\/\/www.acp-euskirchen.de\/wp-content\/uploads\/2012\/09\/P3290140.jpg\"><img loading=\"lazy\" decoding=\"async\" class=\"alignnone  wp-image-1240\" title=\"OLYMPUS DIGITAL CAMERA\" src=\"https:\/\/www.acp-euskirchen.de\/wp-content\/uploads\/2012\/09\/P3290140-300x225.jpg\" alt=\"\" width=\"253\" height=\"191\" srcset=\"https:\/\/www.acp-euskirchen.de\/wp-content\/uploads\/2012\/09\/P3290140-300x225.jpg 300w, https:\/\/www.acp-euskirchen.de\/wp-content\/uploads\/2012\/09\/P3290140-160x120.jpg 160w, https:\/\/www.acp-euskirchen.de\/wp-content\/uploads\/2012\/09\/P3290140.jpg 1024w\" sizes=\"auto, (max-width: 253px) 100vw, 253px\" \/><\/a><\/p>\n<p>.<\/p>\n<p>&nbsp;<\/p>\n<p>STD. Chevy\u00a0 SB. Nockenwellen\u00a0 neu\u00a0\u00a0\u00a0\u00a0 25.00\u20ac<\/p>\n<p>&nbsp;<\/p>\n<p><a href=\"https:\/\/www.acp-euskirchen.de\/wp-content\/uploads\/2012\/09\/Nocke.jpg\"><img loading=\"lazy\" decoding=\"async\" class=\"alignnone size-medium wp-image-1099\" title=\"Nocke\" src=\"https:\/\/www.acp-euskirchen.de\/wp-content\/uploads\/2012\/09\/Nocke-300x225.jpg\" alt=\"\" width=\"300\" height=\"225\" srcset=\"https:\/\/www.acp-euskirchen.de\/wp-content\/uploads\/2012\/09\/Nocke-300x225.jpg 300w, https:\/\/www.acp-euskirchen.de\/wp-content\/uploads\/2012\/09\/Nocke-1024x768.jpg 1024w, https:\/\/www.acp-euskirchen.de\/wp-content\/uploads\/2012\/09\/Nocke-160x120.jpg 160w, https:\/\/www.acp-euskirchen.de\/wp-content\/uploads\/2012\/09\/Nocke.jpg 1200w\" sizes=\"auto, (max-width: 300px) 100vw, 300px\" \/><\/a><\/p>\n<p>&nbsp;<\/p>\n<p><strong><br \/>\n<\/strong><\/p>\n<p>&nbsp;<\/p>\n<p>&nbsp;<\/p>\n<p>&nbsp;<\/p>\n<p><strong>\u00a0 Hintere Bremsenk\u00fchlung aus Kohle \/ Kevlar\u00a0 f\u00fcr C 3<\/strong><\/p>\n<p><strong>\u00a0 Ist angefertigt worden\u00a0\u00a0\u00a0 250,00 \u20ac<\/strong><\/p>\n<p>&nbsp;<\/p>\n<p><a href=\"https:\/\/www.acp-euskirchen.de\/wp-content\/uploads\/2012\/09\/Brmse.jpg\"><img loading=\"lazy\" decoding=\"async\" class=\"alignnone size-medium wp-image-1088\" title=\"Brmse\" src=\"https:\/\/www.acp-euskirchen.de\/wp-content\/uploads\/2012\/09\/Brmse-300x220.jpg\" alt=\"\" width=\"300\" height=\"220\" srcset=\"https:\/\/www.acp-euskirchen.de\/wp-content\/uploads\/2012\/09\/Brmse-300x220.jpg 300w, https:\/\/www.acp-euskirchen.de\/wp-content\/uploads\/2012\/09\/Brmse-1024x753.jpg 1024w, https:\/\/www.acp-euskirchen.de\/wp-content\/uploads\/2012\/09\/Brmse.jpg 1200w\" sizes=\"auto, (max-width: 300px) 100vw, 300px\" \/><\/a><\/p>\n<p>&nbsp;<\/p>\n<p>&nbsp;<\/p>\n<p><strong>\u00a0\u00a0 Weber IDF Intake f\u00fcr Chevy SB. \u00a0\u00a0 1000,00\u20ac<\/strong><\/p>\n<p><a href=\"https:\/\/www.acp-euskirchen.de\/wp-content\/uploads\/2012\/09\/Weber-IDF.jpg\"><img loading=\"lazy\" decoding=\"async\" class=\"alignnone size-medium wp-image-890\" title=\"Weber  IDF\" src=\"https:\/\/www.acp-euskirchen.de\/wp-content\/uploads\/2012\/09\/Weber-IDF-300x225.jpg\" alt=\"\" width=\"300\" height=\"225\" srcset=\"https:\/\/www.acp-euskirchen.de\/wp-content\/uploads\/2012\/09\/Weber-IDF-300x225.jpg 300w, https:\/\/www.acp-euskirchen.de\/wp-content\/uploads\/2012\/09\/Weber-IDF-1024x768.jpg 1024w, https:\/\/www.acp-euskirchen.de\/wp-content\/uploads\/2012\/09\/Weber-IDF-160x120.jpg 160w, https:\/\/www.acp-euskirchen.de\/wp-content\/uploads\/2012\/09\/Weber-IDF.jpg 1500w\" sizes=\"auto, (max-width: 300px) 100vw, 300px\" \/><\/a><\/p>\n<p>&nbsp;<\/p>\n<p>&nbsp;<\/p>\n<p><strong>\u00a0\u00a0 Kohlefaser Ventildeckel f\u00fcr Chevy SB.\u00a0 Preis auf Anfrage<\/strong><\/p>\n<p><a href=\"https:\/\/www.acp-euskirchen.de\/wp-content\/uploads\/2012\/09\/Bilder-004_2.jpg\"><img loading=\"lazy\" decoding=\"async\" class=\"alignnone size-medium wp-image-892\" title=\"Bilder 004_2\" src=\"https:\/\/www.acp-euskirchen.de\/wp-content\/uploads\/2012\/09\/Bilder-004_2-300x225.jpg\" alt=\"\" width=\"300\" height=\"225\" srcset=\"https:\/\/www.acp-euskirchen.de\/wp-content\/uploads\/2012\/09\/Bilder-004_2-300x225.jpg 300w, https:\/\/www.acp-euskirchen.de\/wp-content\/uploads\/2012\/09\/Bilder-004_2-1024x768.jpg 1024w, https:\/\/www.acp-euskirchen.de\/wp-content\/uploads\/2012\/09\/Bilder-004_2-160x120.jpg 160w, https:\/\/www.acp-euskirchen.de\/wp-content\/uploads\/2012\/09\/Bilder-004_2.jpg 1500w\" sizes=\"auto, (max-width: 300px) 100vw, 300px\" \/><\/a><\/p>\n<p>&nbsp;<\/p>\n<p><strong>\u00a0 Getriebe \u00d6lk\u00fchler f\u00fcr T 56 mit Mocal Pumpe \u00a0 880,00\u20ac<\/strong><\/p>\n<p><a href=\"https:\/\/www.acp-euskirchen.de\/wp-content\/uploads\/2012\/09\/Bilder-002_21.jpg\"><img loading=\"lazy\" decoding=\"async\" class=\"alignnone size-medium wp-image-906\" title=\"Bilder 002_2\" src=\"https:\/\/www.acp-euskirchen.de\/wp-content\/uploads\/2012\/09\/Bilder-002_21-300x225.jpg\" alt=\"\" width=\"300\" height=\"225\" srcset=\"https:\/\/www.acp-euskirchen.de\/wp-content\/uploads\/2012\/09\/Bilder-002_21-300x225.jpg 300w, https:\/\/www.acp-euskirchen.de\/wp-content\/uploads\/2012\/09\/Bilder-002_21-1024x768.jpg 1024w, https:\/\/www.acp-euskirchen.de\/wp-content\/uploads\/2012\/09\/Bilder-002_21-160x120.jpg 160w, https:\/\/www.acp-euskirchen.de\/wp-content\/uploads\/2012\/09\/Bilder-002_21.jpg 1500w\" sizes=\"auto, (max-width: 300px) 100vw, 300px\" \/><\/a><\/p>\n<p>&nbsp;<\/p>\n<p><strong>\u00a0<\/strong><\/p>\n<p><strong>\u00a0\u00a0 Le Mans\u00a0 Scheinwerfer f\u00fcr C3\u00a0\u00a0 68 &#8211; 82 \u00a0 \u00a0 565,00\u20ac<\/strong><\/p>\n<p><a href=\"https:\/\/www.acp-euskirchen.de\/wp-content\/uploads\/2012\/09\/P3183896.jpg\"><img loading=\"lazy\" decoding=\"async\" class=\"alignnone size-medium wp-image-908\" title=\"OLYMPUS DIGITAL CAMERA\" src=\"https:\/\/www.acp-euskirchen.de\/wp-content\/uploads\/2012\/09\/P3183896-300x225.jpg\" alt=\"\" width=\"300\" height=\"225\" srcset=\"https:\/\/www.acp-euskirchen.de\/wp-content\/uploads\/2012\/09\/P3183896-300x225.jpg 300w, https:\/\/www.acp-euskirchen.de\/wp-content\/uploads\/2012\/09\/P3183896-160x120.jpg 160w, https:\/\/www.acp-euskirchen.de\/wp-content\/uploads\/2012\/09\/P3183896.jpg 1024w\" sizes=\"auto, (max-width: 300px) 100vw, 300px\" \/><\/a><\/p>\n<h1><a href=\"https:\/\/www.acp-euskirchen.de\/wp-content\/uploads\/2012\/09\/Lampen.jpg\"><img loading=\"lazy\" decoding=\"async\" class=\"alignnone  wp-image-910\" title=\"Lampen\" src=\"https:\/\/www.acp-euskirchen.de\/wp-content\/uploads\/2012\/09\/Lampen-300x178.jpg\" alt=\"\" width=\"300\" height=\"178\" srcset=\"https:\/\/www.acp-euskirchen.de\/wp-content\/uploads\/2012\/09\/Lampen-300x178.jpg 300w, https:\/\/www.acp-euskirchen.de\/wp-content\/uploads\/2012\/09\/Lampen-1024x608.jpg 1024w\" sizes=\"auto, (max-width: 300px) 100vw, 300px\" \/><\/a><\/h1>\n<p>&nbsp;<\/p>\n<p><strong>\u00a0 Kurbelwellen Kit auf Anfrage <\/strong><\/p>\n<p><a href=\"https:\/\/www.acp-euskirchen.de\/wp-content\/uploads\/2012\/09\/3831.jpg\"><img loading=\"lazy\" decoding=\"async\" class=\"alignnone size-medium wp-image-915\" title=\"383\" src=\"https:\/\/www.acp-euskirchen.de\/wp-content\/uploads\/2012\/09\/3831-300x300.jpg\" alt=\"\" width=\"300\" height=\"300\" srcset=\"https:\/\/www.acp-euskirchen.de\/wp-content\/uploads\/2012\/09\/3831-300x300.jpg 300w, https:\/\/www.acp-euskirchen.de\/wp-content\/uploads\/2012\/09\/3831-150x150.jpg 150w, https:\/\/www.acp-euskirchen.de\/wp-content\/uploads\/2012\/09\/3831.jpg 399w\" sizes=\"auto, (max-width: 300px) 100vw, 300px\" \/><\/a><\/p>\n<p>&nbsp;<\/p>\n<p><strong>\u00a0 Kurbelwellen Wuchten\u00a0\u00a0 466,00 \u20ac<\/strong><\/p>\n<p><a href=\"https:\/\/www.acp-euskirchen.de\/wp-content\/uploads\/2012\/09\/P30138091.jpg\"><img loading=\"lazy\" decoding=\"async\" class=\"alignnone size-medium wp-image-917\" title=\"OLYMPUS DIGITAL CAMERA\" src=\"https:\/\/www.acp-euskirchen.de\/wp-content\/uploads\/2012\/09\/P30138091-300x225.jpg\" alt=\"\" width=\"300\" height=\"225\" srcset=\"https:\/\/www.acp-euskirchen.de\/wp-content\/uploads\/2012\/09\/P30138091-300x225.jpg 300w, https:\/\/www.acp-euskirchen.de\/wp-content\/uploads\/2012\/09\/P30138091-160x120.jpg 160w, https:\/\/www.acp-euskirchen.de\/wp-content\/uploads\/2012\/09\/P30138091.jpg 1024w\" sizes=\"auto, (max-width: 300px) 100vw, 300px\" \/><\/a><\/p>\n<p>&nbsp;<\/p>\n<p><strong>\u00a0\u00a0 Chevy Cross Ram Intake f\u00fcr 45\u00a0 DCOE Vergaser\u00a0 Preis auf Anfrage<\/strong><\/p>\n<p><a href=\"https:\/\/www.acp-euskirchen.de\/wp-content\/uploads\/2012\/09\/P5150328.jpg\"><img loading=\"lazy\" decoding=\"async\" class=\"alignnone size-medium wp-image-919\" title=\"OLYMPUS DIGITAL CAMERA\" src=\"https:\/\/www.acp-euskirchen.de\/wp-content\/uploads\/2012\/09\/P5150328-300x225.jpg\" alt=\"\" width=\"300\" height=\"225\" srcset=\"https:\/\/www.acp-euskirchen.de\/wp-content\/uploads\/2012\/09\/P5150328-300x225.jpg 300w, https:\/\/www.acp-euskirchen.de\/wp-content\/uploads\/2012\/09\/P5150328-160x120.jpg 160w, https:\/\/www.acp-euskirchen.de\/wp-content\/uploads\/2012\/09\/P5150328.jpg 1024w\" sizes=\"auto, (max-width: 300px) 100vw, 300px\" \/><\/a><\/p>\n<p>&nbsp;<\/p>\n<p>&nbsp;<\/p>\n<p><strong>\u00a0\u00a0 IDF Weber Vergaser<\/strong><\/p>\n<p><a href=\"https:\/\/www.acp-euskirchen.de\/wp-content\/uploads\/2012\/09\/PB291436.jpg\"><img loading=\"lazy\" decoding=\"async\" class=\"alignnone size-medium wp-image-922\" title=\"OLYMPUS DIGITAL CAMERA\" src=\"https:\/\/www.acp-euskirchen.de\/wp-content\/uploads\/2012\/09\/PB291436-300x225.jpg\" alt=\"\" width=\"300\" height=\"225\" srcset=\"https:\/\/www.acp-euskirchen.de\/wp-content\/uploads\/2012\/09\/PB291436-300x225.jpg 300w, https:\/\/www.acp-euskirchen.de\/wp-content\/uploads\/2012\/09\/PB291436-160x120.jpg 160w, https:\/\/www.acp-euskirchen.de\/wp-content\/uploads\/2012\/09\/PB291436.jpg 1024w\" sizes=\"auto, (max-width: 300px) 100vw, 300px\" \/><\/a><\/p>\n<p>&nbsp;<\/p>\n<p><strong>\u00a0 50 mm Injection f\u00fcr Chevy SB.<\/strong><\/p>\n<p><a href=\"https:\/\/www.acp-euskirchen.de\/wp-content\/uploads\/2012\/09\/PA060002.jpg\"><img loading=\"lazy\" decoding=\"async\" class=\"alignnone size-medium wp-image-924\" title=\"PA060002\" src=\"https:\/\/www.acp-euskirchen.de\/wp-content\/uploads\/2012\/09\/PA060002-300x225.jpg\" alt=\"\" width=\"300\" height=\"225\" srcset=\"https:\/\/www.acp-euskirchen.de\/wp-content\/uploads\/2012\/09\/PA060002-300x225.jpg 300w, https:\/\/www.acp-euskirchen.de\/wp-content\/uploads\/2012\/09\/PA060002-1024x768.jpg 1024w, https:\/\/www.acp-euskirchen.de\/wp-content\/uploads\/2012\/09\/PA060002-160x120.jpg 160w, https:\/\/www.acp-euskirchen.de\/wp-content\/uploads\/2012\/09\/PA060002.jpg 1500w\" sizes=\"auto, (max-width: 300px) 100vw, 300px\" \/><\/a><\/p>\n<p>&nbsp;<\/p>\n<p>&nbsp;<\/p>\n<p>&nbsp;<\/p>\n<p><strong>\u00a0\u00a0 65mm LS 7\u00a0 Kinsler Injection<\/strong><\/p>\n<p><a href=\"https:\/\/www.acp-euskirchen.de\/wp-content\/uploads\/2012\/09\/IMG_3375.jpg\"><img loading=\"lazy\" decoding=\"async\" class=\"alignnone size-medium wp-image-925\" title=\"IMG_3375\" src=\"https:\/\/www.acp-euskirchen.de\/wp-content\/uploads\/2012\/09\/IMG_3375-300x225.jpg\" alt=\"\" width=\"300\" height=\"225\" srcset=\"https:\/\/www.acp-euskirchen.de\/wp-content\/uploads\/2012\/09\/IMG_3375-300x225.jpg 300w, https:\/\/www.acp-euskirchen.de\/wp-content\/uploads\/2012\/09\/IMG_3375-1024x768.jpg 1024w, https:\/\/www.acp-euskirchen.de\/wp-content\/uploads\/2012\/09\/IMG_3375-160x120.jpg 160w, https:\/\/www.acp-euskirchen.de\/wp-content\/uploads\/2012\/09\/IMG_3375.jpg 1500w\" sizes=\"auto, (max-width: 300px) 100vw, 300px\" \/><\/a><\/p>\n<p>&nbsp;<\/p>\n<p><strong>\u00a0 Kohlefaser\u00a0 Tankabdeckung f\u00fcr C 3\u00a0\u00a0\u00a0\u00a0 Preis auf Anfrage<\/strong><\/p>\n<p><a href=\"https:\/\/www.acp-euskirchen.de\/wp-content\/uploads\/2012\/09\/P52641611.jpg\"><img loading=\"lazy\" decoding=\"async\" class=\"alignnone size-medium wp-image-931\" title=\"OLYMPUS DIGITAL CAMERA\" src=\"https:\/\/www.acp-euskirchen.de\/wp-content\/uploads\/2012\/09\/P52641611-300x225.jpg\" alt=\"\" width=\"300\" height=\"225\" srcset=\"https:\/\/www.acp-euskirchen.de\/wp-content\/uploads\/2012\/09\/P52641611-300x225.jpg 300w, https:\/\/www.acp-euskirchen.de\/wp-content\/uploads\/2012\/09\/P52641611-160x120.jpg 160w, https:\/\/www.acp-euskirchen.de\/wp-content\/uploads\/2012\/09\/P52641611.jpg 1024w\" sizes=\"auto, (max-width: 300px) 100vw, 300px\" \/><\/a><\/p>\n<p>&nbsp;<\/p>\n<p><span style=\"text-decoration: underline;\">\u00a0<\/span><strong>Gebrauchtes Callaway Bi Turbo System f\u00fcr Corvette C 4\u00a0\u00a0\u00a0\u00a0\u00a0 2500.00 Euro<\/strong><\/p>\n<p><a href=\"https:\/\/www.acp-euskirchen.de\/wp-content\/uploads\/2012\/09\/Callaway-1.jpg\"><img loading=\"lazy\" decoding=\"async\" class=\"alignnone size-medium wp-image-1301\" title=\"Callaway 1\" src=\"https:\/\/www.acp-euskirchen.de\/wp-content\/uploads\/2012\/09\/Callaway-1-300x275.jpg\" alt=\"\" width=\"300\" height=\"275\" srcset=\"https:\/\/www.acp-euskirchen.de\/wp-content\/uploads\/2012\/09\/Callaway-1-300x275.jpg 300w, https:\/\/www.acp-euskirchen.de\/wp-content\/uploads\/2012\/09\/Callaway-1-1024x939.jpg 1024w\" sizes=\"auto, (max-width: 300px) 100vw, 300px\" \/><\/a><\/p>\n<p>&nbsp;<\/p>\n<p>&nbsp;<\/p>\n<p><a href=\"https:\/\/www.acp-euskirchen.de\/wp-content\/uploads\/2012\/09\/Callaway-2.jpg\"><img loading=\"lazy\" decoding=\"async\" class=\"alignnone size-medium wp-image-1302\" title=\"Callaway 2\" src=\"https:\/\/www.acp-euskirchen.de\/wp-content\/uploads\/2012\/09\/Callaway-2-300x195.jpg\" alt=\"\" width=\"300\" height=\"195\" srcset=\"https:\/\/www.acp-euskirchen.de\/wp-content\/uploads\/2012\/09\/Callaway-2-300x195.jpg 300w, https:\/\/www.acp-euskirchen.de\/wp-content\/uploads\/2012\/09\/Callaway-2-1024x667.jpg 1024w\" sizes=\"auto, (max-width: 300px) 100vw, 300px\" \/><\/a><\/p>\n<p>&nbsp;<\/p>\n<p>&nbsp;<\/p>\n<p><a href=\"https:\/\/www.acp-euskirchen.de\/wp-content\/uploads\/2012\/09\/Callaway3.jpg\"><img loading=\"lazy\" decoding=\"async\" class=\"alignnone size-medium wp-image-1303\" title=\"Callaway3\" src=\"https:\/\/www.acp-euskirchen.de\/wp-content\/uploads\/2012\/09\/Callaway3-300x231.jpg\" alt=\"\" width=\"300\" height=\"231\" srcset=\"https:\/\/www.acp-euskirchen.de\/wp-content\/uploads\/2012\/09\/Callaway3-300x231.jpg 300w, https:\/\/www.acp-euskirchen.de\/wp-content\/uploads\/2012\/09\/Callaway3-1024x790.jpg 1024w\" sizes=\"auto, (max-width: 300px) 100vw, 300px\" \/><\/a><\/p>\n<p>&nbsp;<\/p>\n<p>&nbsp;<\/p>\n","protected":false},"excerpt":{"rendered":"<p>N.O.S Zubeh\u00f6r &nbsp; . &nbsp; STD. Chevy\u00a0 SB. Nockenwellen\u00a0 neu\u00a0\u00a0\u00a0\u00a0 25.00\u20ac &nbsp; &nbsp; &nbsp; &nbsp; &nbsp; \u00a0 Hintere Bremsenk\u00fchlung aus Kohle \/ Kevlar\u00a0 f\u00fcr C 3 \u00a0 Ist angefertigt worden\u00a0\u00a0\u00a0 250,00 \u20ac &nbsp; &nbsp; &nbsp; \u00a0\u00a0 Weber IDF Intake f\u00fcr Chevy SB. \u00a0\u00a0 1000,00\u20ac &nbsp; &nbsp; \u00a0\u00a0 Kohlefaser Ventildeckel f\u00fcr Chevy SB.\u00a0 Preis auf Anfrage &hellip; <\/p>\n<p><a class=\"more-link btn\" href=\"https:\/\/www.acp-euskirchen.de\/?page_id=472\">Weiterlesen<\/a><\/p>\n","protected":false},"author":1,"featured_media":0,"parent":0,"menu_order":2,"comment_status":"open","ping_status":"open","template":"template-onecolumn.php","meta":{"ngg_post_thumbnail":0,"footnotes":""},"class_list":["post-472","page","type-page","status-publish","hentry","nodate","item-wrap"],"_links":{"self":[{"href":"https:\/\/www.acp-euskirchen.de\/index.php?rest_route=\/wp\/v2\/pages\/472","targetHints":{"allow":["GET"]}}],"collection":[{"href":"https:\/\/www.acp-euskirchen.de\/index.php?rest_route=\/wp\/v2\/pages"}],"about":[{"href":"https:\/\/www.acp-euskirchen.de\/index.php?rest_route=\/wp\/v2\/types\/page"}],"author":[{"embeddable":true,"href":"https:\/\/www.acp-euskirchen.de\/index.php?rest_route=\/wp\/v2\/users\/1"}],"replies":[{"embeddable":true,"href":"https:\/\/www.acp-euskirchen.de\/index.php?rest_route=%2Fwp%2Fv2%2Fcomments&post=472"}],"version-history":[{"count":54,"href":"https:\/\/www.acp-euskirchen.de\/index.php?rest_route=\/wp\/v2\/pages\/472\/revisions"}],"predecessor-version":[{"id":488,"href":"https:\/\/www.acp-euskirchen.de\/index.php?rest_route=\/wp\/v2\/pages\/472\/revisions\/488"}],"wp:attachment":[{"href":"https:\/\/www.acp-euskirchen.de\/index.php?rest_route=%2Fwp%2Fv2%2Fmedia&parent=472"}],"curies":[{"name":"wp","href":"https:\/\/api.w.org\/{rel}","templated":true}]}}