{"id":65,"date":"2012-08-08T15:11:44","date_gmt":"2012-08-08T13:11:44","guid":{"rendered":"http:\/\/acp.dg6eu.de\/?page_id=65"},"modified":"2018-02-12T21:35:10","modified_gmt":"2018-02-12T20:35:10","slug":"herzlich-willkommen","status":"publish","type":"page","link":"https:\/\/www.acp-euskirchen.de\/","title":{"rendered":"Willkommen"},"content":{"rendered":"<h2>bei ACP Euskirchen.<\/h2>\n<p>Ihr Spezialist f\u00fcr amerikanische Fahrzeuge.<\/p>\n<p>Wir bieten Ihnen Motorenbau, Tuning, Fahrzeugbau, Reparaturen und Wartung von US Cars.<\/p>\n<p>Mit \u00fcber 30 Jahren Erfahrung im Bereich US Cars, Motoren und Tuning stehen wir Ihnen mit Rat und Tat zur Verf\u00fcgung.<\/p>\n<p>Wir planen mit Ihnen individuelle Umbauten, Tuning oder Neukonstruktionen und f\u00fchren diese anschlie\u00dfend professionell durch.<\/p>\n<p>Ma\u00dfgeschneidertes Fahrzeugtuning von erfahrenen Spezialisten.<\/p>\n<p>Wir arbeiten mit professionellen Pr\u00fcfst\u00e4nden zusammen und stimmen alle Umbauten individuell f\u00fcr Sie ab.<\/p>\n<p>Rufen Sie uns an oder kommen Sie pers\u00f6nlich vorbei.<\/p>\n<p><strong>Ihr ACP Team<\/strong><\/p>\n","protected":false},"excerpt":{"rendered":"<p>bei ACP Euskirchen. Ihr Spezialist f\u00fcr amerikanische Fahrzeuge. Wir bieten Ihnen Motorenbau, Tuning, Fahrzeugbau, Reparaturen und Wartung von US Cars. Mit \u00fcber 30 Jahren Erfahrung im Bereich US Cars, Motoren und Tuning stehen wir Ihnen mit Rat und Tat zur Verf\u00fcgung. Wir planen mit Ihnen individuelle Umbauten, Tuning oder Neukonstruktionen und f\u00fchren diese anschlie\u00dfend professionell &hellip; <\/p>\n<p><a class=\"more-link btn\" href=\"https:\/\/www.acp-euskirchen.de\/\">Weiterlesen<\/a><\/p>\n","protected":false},"author":1,"featured_media":0,"parent":0,"menu_order":0,"comment_status":"open","ping_status":"open","template":"","meta":{"ngg_post_thumbnail":0,"footnotes":""},"class_list":["post-65","page","type-page","status-publish","hentry","nodate","item-wrap"],"_links":{"self":[{"href":"https:\/\/www.acp-euskirchen.de\/index.php?rest_route=\/wp\/v2\/pages\/65","targetHints":{"allow":["GET"]}}],"collection":[{"href":"https:\/\/www.acp-euskirchen.de\/index.php?rest_route=\/wp\/v2\/pages"}],"about":[{"href":"https:\/\/www.acp-euskirchen.de\/index.php?rest_route=\/wp\/v2\/types\/page"}],"author":[{"embeddable":true,"href":"https:\/\/www.acp-euskirchen.de\/index.php?rest_route=\/wp\/v2\/users\/1"}],"replies":[{"embeddable":true,"href":"https:\/\/www.acp-euskirchen.de\/index.php?rest_route=%2Fwp%2Fv2%2Fcomments&post=65"}],"version-history":[{"count":10,"href":"https:\/\/www.acp-euskirchen.de\/index.php?rest_route=\/wp\/v2\/pages\/65\/revisions"}],"predecessor-version":[{"id":1309,"href":"https:\/\/www.acp-euskirchen.de\/index.php?rest_route=\/wp\/v2\/pages\/65\/revisions\/1309"}],"wp:attachment":[{"href":"https:\/\/www.acp-euskirchen.de\/index.php?rest_route=%2Fwp%2Fv2%2Fmedia&parent=65"}],"curies":[{"name":"wp","href":"https:\/\/api.w.org\/{rel}","templated":true}]}}