{"id":87,"date":"2012-09-02T18:43:57","date_gmt":"2012-09-02T16:43:57","guid":{"rendered":"http:\/\/acp.dg6eu.de\/?page_id=87"},"modified":"2019-04-09T11:30:05","modified_gmt":"2019-04-09T09:30:05","slug":"leistungen","status":"publish","type":"page","link":"https:\/\/www.acp-euskirchen.de\/?page_id=87","title":{"rendered":"Leistungen"},"content":{"rendered":"<p>&nbsp;<\/p>\n<h4>Wir sind spezialisiert auf Amerikanische Fahrzeuge insbesondere<\/h4>\n<h2>Chevrolet Corvette , Jeep\u00a0\u00ae , Cobra , Ford GT40, Hummer und Mustang<\/h2>\n<p>Bringen Sie Ihr Fahrzeug zu erfahrenen Spezialisten.<\/p>\n<p>Mit \u00fcber 30 Jahren Erfahrung in der Wartung, Pflege, Tuning und Motorenbau f\u00fcr US-Cars sind wir der Ideale Partner f\u00fcr Ihr Fahrzeug.<\/p>\n<p>Unser ma\u00dfgeschneidertes Team besteht aus erfahrenen Spezialisten die seit vielen Jahren erfolgreich \u00a0an US Fahrzeugen arbeiten. Nicht ohne Grund genie\u00dfen wir einen excellenten Ruf in der US-Car Szene.<\/p>\n<p>Wir beraten Sie gern bei der Verwirklichung Ihres Tuning Wunsches und \u00fcbernehmen selbstverst\u00e4ndlich die Umsetzung. Die Zusammenarbeit mit professionellen Pr\u00fcfst\u00e4nden f\u00fcr die abschlie\u00dfende Abstimmung und Leistungsmessung runden unsere Leistung ab.<\/p>\n<p>Ein paar Beispiele finden Sie auf der rechten Seite und in unserer Galerie.<\/p>\n<p>Folgende Leistungen geh\u00f6ren zu unserem Portfolio:<\/p>\n<ul>\n<li>Motortuning und Motorenbau aller g\u00e4ngigen US-V8 Motoren<\/li>\n<li>Weber Vergaser und Einspritzanlagen<\/li>\n<li>Kurbelwellen und Schwungscheiben auswuchten<\/li>\n<li>Nachr\u00fcsten von Gewindefahrwerken f\u00fcr Corvette Bj. 65\u00b4- 82\u00b4 u. 84\u00b4- 96\u00b4 sowie C5 und C6<\/li>\n<li>Umr\u00fcstung f\u00fcr Corvette ab Bj. 65\u00b4 auf Brembo Bremsanlagen<\/li>\n<li>wir haben st\u00e4ndig seltene Ersatzteile auf Lager<\/li>\n<li>CNC basiertes Lochen von Serien Bremsscheiben<\/li>\n<li>Reparatur und Verst\u00e4rkung von US Automatik und Schaltgetrieben + Differentialen<\/li>\n<li>Fahrwerkstieferlegung bei Van\u00b4s und Pick up\u00b4s<\/li>\n<li>Motorumbauten z.B. 94\u00b4er LT1 Motor in Corvette Bj. 68\u00b4- 82\u00b4\u00a0oder C 1500 Pick up oder Chevy 383<\/li>\n<li>Wir fertigen Sturzstreben , Stabilisatoren nach Wunsch und auf Ma\u00df<\/li>\n<li>Rahmen verzinken, Kunststoffbeschichtungen<\/li>\n<li>Spurverbreiterungen<\/li>\n<li>Aluminium schweissen<\/li>\n<li>wir fertigen Kohlefaser und Kevlarteile an<\/li>\n<li>N2O-Einspritzsysteme + Flaschenbef\u00fcllung<\/li>\n<li>Kompressor-Umbauten f\u00fcr historische und moderne Motoren<\/li>\n<li>\u00d6lwannen umbauen und anfertigen<\/li>\n<li>Edelstahlauspuffanlagen anfertigen<\/li>\n<\/ul>\n<p>Fahrzeug Komplettbauten wie z.B.<\/p>\n<ul>\n<li>Cobra<\/li>\n<li>Corvette-Umbau auf Daytona<\/li>\n<li>Grand Sport-Corvette Umr\u00fcstungen<\/li>\n<\/ul>\n<p>&nbsp;<\/p>\n<p>Wir f\u00fchren Artikel der Firmen:<\/p>\n<p>MSD,\u00a0Edelbrock,\u00a0Accel,\u00a0Holley,\u00a0Rancho,\u00a0Trailmaster,\u00a0Moroso,\u00a0NGK,\u00a0Crane,\u00a0Competition Cams,\u00a0AC Delco,\u00a0Manley,\u00a0Arias,\u00a0TRW,\u00a0Mallory,\u00a0Jesel,\u00a0K&amp;N<\/p>\n<p>&nbsp;<\/p>\n<p>&nbsp;<\/p>\n<p>&nbsp;<\/p>\n","protected":false},"excerpt":{"rendered":"<p>&nbsp; Wir sind spezialisiert auf Amerikanische Fahrzeuge insbesondere Chevrolet Corvette , Jeep\u00a0\u00ae , Cobra , Ford GT40, Hummer und Mustang Bringen Sie Ihr Fahrzeug zu erfahrenen Spezialisten. Mit \u00fcber 30 Jahren Erfahrung in der Wartung, Pflege, Tuning und Motorenbau f\u00fcr US-Cars sind wir der Ideale Partner f\u00fcr Ihr Fahrzeug. Unser ma\u00dfgeschneidertes Team besteht aus erfahrenen &hellip; <\/p>\n<p><a class=\"more-link btn\" href=\"https:\/\/www.acp-euskirchen.de\/?page_id=87\">Weiterlesen<\/a><\/p>\n","protected":false},"author":1,"featured_media":0,"parent":0,"menu_order":1,"comment_status":"open","ping_status":"open","template":"","meta":{"ngg_post_thumbnail":0,"footnotes":""},"class_list":["post-87","page","type-page","status-publish","hentry","nodate","item-wrap"],"_links":{"self":[{"href":"https:\/\/www.acp-euskirchen.de\/index.php?rest_route=\/wp\/v2\/pages\/87","targetHints":{"allow":["GET"]}}],"collection":[{"href":"https:\/\/www.acp-euskirchen.de\/index.php?rest_route=\/wp\/v2\/pages"}],"about":[{"href":"https:\/\/www.acp-euskirchen.de\/index.php?rest_route=\/wp\/v2\/types\/page"}],"author":[{"embeddable":true,"href":"https:\/\/www.acp-euskirchen.de\/index.php?rest_route=\/wp\/v2\/users\/1"}],"replies":[{"embeddable":true,"href":"https:\/\/www.acp-euskirchen.de\/index.php?rest_route=%2Fwp%2Fv2%2Fcomments&post=87"}],"version-history":[{"count":9,"href":"https:\/\/www.acp-euskirchen.de\/index.php?rest_route=\/wp\/v2\/pages\/87\/revisions"}],"predecessor-version":[{"id":96,"href":"https:\/\/www.acp-euskirchen.de\/index.php?rest_route=\/wp\/v2\/pages\/87\/revisions\/96"}],"wp:attachment":[{"href":"https:\/\/www.acp-euskirchen.de\/index.php?rest_route=%2Fwp%2Fv2%2Fmedia&parent=87"}],"curies":[{"name":"wp","href":"https:\/\/api.w.org\/{rel}","templated":true}]}}